{"id":19457,"date":"2024-05-01T11:09:17","date_gmt":"2024-05-01T17:09:17","guid":{"rendered":"https:\/\/mariolealphoto.com\/?post_type=product&#038;p=19457"},"modified":"2024-05-07T11:46:20","modified_gmt":"2024-05-07T17:46:20","slug":"hong-kong-skyscrappers","status":"publish","type":"product","link":"https:\/\/mariolealphoto.com\/es\/shop\/hong-kong-skyscrappers\/","title":{"rendered":"Hong Kong skyscrappers"},"content":{"rendered":"<p>-Las fotograf\u00edas se imprimen bajo pedido y se entregan firmadas, fechadas y numeradas.<br \/>\n-Se proporcionan Certificados de Autenticidad con cada fotograf\u00eda.<br \/>\n-Calidad de museo: impresi\u00f3n calidad Fine-Art sobre papel 100% algod\u00f3n Canson, libre de \u00e1cido.<\/p>\n<p>Impresiones Fine Art: las impresiones fotogr\u00e1ficas se imprimen utilizando tecnolog\u00eda de alta definici\u00f3n con materiales premium. Cada impresi\u00f3n pasa por un proceso meticuloso, utilizando la reconocida t\u00e9cnica de impresi\u00f3n gicl\u00e9e, conocida por su capacidad para reproducir fielmente im\u00e1genes de alta resoluci\u00f3n con una claridad y precisi\u00f3n de color incomparables que perdurar\u00e1n a lo largo de los a\u00f1os. El resultado es una impresi\u00f3n de calidad de museo que captura cada detalle y matiz de la obra de arte original, garantizando una experiencia visual impresionante.<\/p>\n<p>Las fotograf\u00edas enmarcadas se realizan en colaboraci\u00f3n con \"arte m\u00e1s arte\", tienda de enmarcado de arte ubicada en Xalapa, M\u00e9xico. www.artemasarte.com.mx<\/p>","protected":false},"excerpt":{"rendered":"<p>Hong Kong, SAR. 2023<\/p>\n<p>Serie 1 | Edici\u00f3n limitada de 20 impresiones  <\/p>","protected":false},"featured_media":1477,"template":"","meta":{"_monsterinsights_skip_tracking":false,"_monsterinsights_sitenote_active":false,"_monsterinsights_sitenote_note":"","_monsterinsights_sitenote_category":0,"_kadence_starter_templates_imported_post":false,"_kad_post_transparent":"default","_kad_post_title":"","_kad_post_layout":"default","_kad_post_sidebar_id":"","_kad_post_content_style":"default","_kad_post_vertical_padding":"default","_kad_post_feature":"","_kad_post_feature_position":"","_kad_post_header":false,"_kad_post_footer":false,"_kad_post_classname":""},"product_brand":[],"product_cat":[25],"product_tag":[61],"class_list":{"0":"post-19457","1":"product","2":"type-product","3":"status-publish","4":"has-post-thumbnail","6":"product_cat-fine-art-print","7":"product_tag-lifestyle-culture","9":"first","10":"instock","11":"taxable","12":"shipping-taxable","13":"purchasable","14":"product-type-variable","15":"has-default-attributes","16":"entry","17":"content-bg","18":"loop-entry"},"aioseo_notices":[],"_links":{"self":[{"href":"https:\/\/mariolealphoto.com\/es\/wp-json\/wp\/v2\/product\/19457","targetHints":{"allow":["GET"]}}],"collection":[{"href":"https:\/\/mariolealphoto.com\/es\/wp-json\/wp\/v2\/product"}],"about":[{"href":"https:\/\/mariolealphoto.com\/es\/wp-json\/wp\/v2\/types\/product"}],"wp:featuredmedia":[{"embeddable":true,"href":"https:\/\/mariolealphoto.com\/es\/wp-json\/wp\/v2\/media\/1477"}],"wp:attachment":[{"href":"https:\/\/mariolealphoto.com\/es\/wp-json\/wp\/v2\/media?parent=19457"}],"wp:term":[{"taxonomy":"product_brand","embeddable":true,"href":"https:\/\/mariolealphoto.com\/es\/wp-json\/wp\/v2\/product_brand?post=19457"},{"taxonomy":"product_cat","embeddable":true,"href":"https:\/\/mariolealphoto.com\/es\/wp-json\/wp\/v2\/product_cat?post=19457"},{"taxonomy":"product_tag","embeddable":true,"href":"https:\/\/mariolealphoto.com\/es\/wp-json\/wp\/v2\/product_tag?post=19457"}],"curies":[{"name":"wp","href":"https:\/\/api.w.org\/{rel}","templated":true}]}}